{"id":239,"date":"2020-07-13T20:02:45","date_gmt":"2020-07-13T18:02:45","guid":{"rendered":"https:\/\/seayoutraveler.mewi-projekte.de\/?page_id=239"},"modified":"2021-02-15T22:24:29","modified_gmt":"2021-02-15T21:24:29","slug":"psychologischer-hintergrund","status":"publish","type":"page","link":"https:\/\/seayoutraveler.mewi-projekte.de\/?page_id=239","title":{"rendered":"Psychologie"},"content":{"rendered":"<div class=\"flex_column av_one_full  flex_column_div av-zero-column-padding first  avia-builder-el-0  el_before_av_one_full  avia-builder-el-first  \" style='border-radius:0px; '><p><div  style='padding-bottom:10px; ' class='av-special-heading av-special-heading-h1  blockquote modern-quote modern-centered  avia-builder-el-1  el_before_av_hr  avia-builder-el-first  '><h1 class='av-special-heading-tag '  itemprop=\"headline\"  >Psychologischer Hintergrund<\/h1><div class='special-heading-border'><div class='special-heading-inner-border' ><\/div><\/div><\/div><br \/>\n<div  style=' margin-top:30px; margin-bottom:30px;'  class='hr hr-custom hr-center hr-icon-no   avia-builder-el-2  el_after_av_heading  el_before_av_heading '><span class='hr-inner  inner-border-av-border-none' style=' width:50px;' ><span class='hr-inner-style'><\/span><\/span><\/div><br \/>\n<div  style='padding-bottom:10px; ' class='av-special-heading av-special-heading-h2  blockquote modern-quote modern-centered  avia-builder-el-3  el_after_av_hr  avia-builder-el-last  '><h2 class='av-special-heading-tag '  itemprop=\"headline\"  >Interview mit Dr. Julia Zimmermann<\/h2><div class ='av-subheading av-subheading_below  ' style='font-size:15px;'><p>Pers\u00f6nlichkeits- und Bildungspsychologin<\/p>\n<\/div><div class='special-heading-border'><div class='special-heading-inner-border' ><\/div><\/div><\/div><\/p><\/div>\n<div class=\"flex_column av_one_full  flex_column_div av-zero-column-padding first  avia-builder-el-4  el_after_av_one_full  el_before_av_one_full  column-top-margin\" style='border-radius:0px; '><p><section class=\"av_textblock_section \"  itemscope=\"itemscope\" itemtype=\"https:\/\/schema.org\/CreativeWork\" ><div class='avia_textblock  '   itemprop=\"text\" ><p>Als ich von meinem Auslandsaufenthalt zur\u00fcck gekommen bin, habe ich mich wie ein anderer Mensch gef\u00fchlt. Ich habe mich durch die vielen Erlebnisse und Erfahrungen ver\u00e4ndert, meine Pers\u00f6nlichkeit hat sich weiterentwickelt. Deshalb wollte ich wissen, ob es vielleicht nicht nur mir so geht und ob es Erkl\u00e4rungen f\u00fcr die Pers\u00f6nlichkeitsentwicklung gibt. Und siehe da, Frau Dr. Julia Zimmermann (Bildungs- und Pers\u00f6nlichkeitspsychologin) hat sich genau mit diesem Thema besch\u00e4ftigt und bereits mehrere Studien zur Pers\u00f6nlichkeitsentwicklung von Auslandsstudierenden durchgef\u00fchrt. Nat\u00fcrlich habe ich sie zu all ihren Erkenntnissen in diesem Interview befragt.<\/p>\n<\/div><\/section><br \/>\n<div  style='padding-bottom:10px; ' class='av-special-heading av-special-heading-h3  blockquote modern-quote modern-centered  avia-builder-el-6  el_after_av_textblock  el_before_av_hr  '><h3 class='av-special-heading-tag '  itemprop=\"headline\"  >Wie kann man Pers\u00f6nlichkeit unterteilen?<\/h3><div class='special-heading-border'><div class='special-heading-inner-border' ><\/div><\/div><\/div><br \/>\n<div  style=' margin-top:30px; margin-bottom:30px;'  class='hr hr-custom hr-center hr-icon-no   avia-builder-el-7  el_after_av_heading  el_before_av_video '><span class='hr-inner  inner-border-av-border-none' style=' width:50px;' ><span class='hr-inner-style'><\/span><\/span><\/div><br \/>\n<div  class='avia-video avia-video-16-9   av-lazyload-immediate  av-lazyload-video-embed  '   itemprop=\"video\" itemtype=\"https:\/\/schema.org\/VideoObject\"  data-original_url='https:\/\/youtu.be\/p52nJY0_QMk' ><script type='text\/html' class='av-video-tmpl'><div class='avia-iframe-wrap'><iframe title=\"Seayoutraveler \u2013 Psychologie (1): Big Five und Auslandsaufenthalte\" width=\"1500\" height=\"844\" src=\"https:\/\/www.youtube.com\/embed\/p52nJY0_QMk?feature=oembed&autoplay=0&loop=0&controls=1&mute=0\" frameborder=\"0\" allow=\"accelerometer; autoplay; clipboard-write; encrypted-media; gyroscope; picture-in-picture\" allowfullscreen><\/iframe><\/div><\/script><div class='av-click-to-play-overlay'><div class=\"avia_playpause_icon\"><\/div><\/div><\/div><br \/>\n<section class=\"av_textblock_section \"  itemscope=\"itemscope\" itemtype=\"https:\/\/schema.org\/CreativeWork\" ><div class='avia_textblock  '   itemprop=\"text\" ><p>Die Pers\u00f6nlichkeit eines jeden Menschen ist hoch komplex und individuell. Um diese in der Psychologie zu betrachten, gibt es das Modell der Big-Five. Auch Frau Dr. Julia Zimmermann bedient sich an diesem Modell, um in ihrer Studie &#8222;Do We Become a Different Person When Hitting the Road? Personality Development of Sojourners&#8220; die Pers\u00f6nlichkeitsentwicklung von Auslandsstudierenden zu untersuchen. Wie sie auf dieses Thema gekommen ist und was hinter dem Big-Five-Modell steckt, erkl\u00e4rt sie uns hier, im ersten Teil des Interviews<\/p>\n<\/div><\/section><\/p><\/div>\n<div class=\"flex_column av_one_full  flex_column_div av-zero-column-padding first  avia-builder-el-10  el_after_av_one_full  el_before_av_one_full  column-top-margin\" style='border-radius:0px; '><p><div  style='padding-bottom:10px; ' class='av-special-heading av-special-heading-h3  blockquote modern-quote modern-centered  avia-builder-el-11  el_before_av_hr  avia-builder-el-first  '><h3 class='av-special-heading-tag '  itemprop=\"headline\"  >Wie ver\u00e4ndert sich die Pers\u00f6nlichkeit durch einen Auslandsaufenthalt?<\/h3><div class='special-heading-border'><div class='special-heading-inner-border' ><\/div><\/div><\/div><br \/>\n<div  style=' margin-top:30px; margin-bottom:30px;'  class='hr hr-custom hr-center hr-icon-no   avia-builder-el-12  el_after_av_heading  el_before_av_video '><span class='hr-inner  inner-border-av-border-none' style=' width:50px;' ><span class='hr-inner-style'><\/span><\/span><\/div><br \/>\n<div  class='avia-video avia-video-16-9   av-lazyload-immediate  av-lazyload-video-embed  '   itemprop=\"video\" itemtype=\"https:\/\/schema.org\/VideoObject\"  data-original_url='https:\/\/youtu.be\/8yJqAnsEzOk' ><script type='text\/html' class='av-video-tmpl'><div class='avia-iframe-wrap'><iframe title=\"Seayoutraveler \u2013 Psychologie (2): Wie ver\u00e4ndert sich Pers\u00f6nlichkeit bei einem Auslandsaufenthalt?\" width=\"1500\" height=\"844\" src=\"https:\/\/www.youtube.com\/embed\/8yJqAnsEzOk?feature=oembed&autoplay=0&loop=0&controls=1&mute=0\" frameborder=\"0\" allow=\"accelerometer; autoplay; clipboard-write; encrypted-media; gyroscope; picture-in-picture\" allowfullscreen><\/iframe><\/div><\/script><div class='av-click-to-play-overlay'><div class=\"avia_playpause_icon\"><\/div><\/div><\/div><br \/>\n<section class=\"av_textblock_section \"  itemscope=\"itemscope\" itemtype=\"https:\/\/schema.org\/CreativeWork\" ><div class='avia_textblock  '   itemprop=\"text\" ><p>Gro\u00dfe Lebensereignisse haben unterschiedliche Einfl\u00fcsse auf unsere Pers\u00f6nlichkeit. Dass ein l\u00e4ngerer Auslandsaufenthalt zu diesen Lebensereignissen geh\u00f6rt, best\u00e4tigt jeder, der selbst mal eine l\u00e4ngere Zeit im Ausland gelebt hat. Aber wie genau entwickelt sich unsere Pers\u00f6nlichkeit bei so einem Aufenthalt? Dar\u00fcber habe ich mit Frau Dr. Zimmermann hier, im zweiten Teil des Interviews, gesprochen.<\/p>\n<\/div><\/section><\/p><\/div>\n<div class=\"flex_column av_one_full  flex_column_div av-zero-column-padding first  avia-builder-el-15  el_after_av_one_full  el_before_av_one_full  column-top-margin\" style='border-radius:0px; '><p><div  style='padding-bottom:10px; ' class='av-special-heading av-special-heading-h3  blockquote modern-quote modern-centered  avia-builder-el-16  el_before_av_hr  avia-builder-el-first  '><h3 class='av-special-heading-tag '  itemprop=\"headline\"  >Was bringt mir ein Auslandsaufenthalt f\u00fcr meine berufliche Zukunft?<\/h3><div class='special-heading-border'><div class='special-heading-inner-border' ><\/div><\/div><\/div><br \/>\n<div  style=' margin-top:30px; margin-bottom:30px;'  class='hr hr-custom hr-center hr-icon-no   avia-builder-el-17  el_after_av_heading  el_before_av_video '><span class='hr-inner  inner-border-av-border-none' style=' width:50px;' ><span class='hr-inner-style'><\/span><\/span><\/div><br \/>\n<div  class='avia-video avia-video-16-9   av-lazyload-immediate  av-lazyload-video-embed  '   itemprop=\"video\" itemtype=\"https:\/\/schema.org\/VideoObject\"  data-original_url='https:\/\/youtu.be\/mW7mwt4RHeY' ><script type='text\/html' class='av-video-tmpl'><div class='avia-iframe-wrap'><iframe title=\"Seayoutraveler \u2013 Psychologie (3): Was bringt mir mein Auslandsaufenthalt f\u00fcr die berufliche Zukunft?\" width=\"1500\" height=\"844\" src=\"https:\/\/www.youtube.com\/embed\/mW7mwt4RHeY?feature=oembed&autoplay=0&loop=0&controls=1&mute=0\" frameborder=\"0\" allow=\"accelerometer; autoplay; clipboard-write; encrypted-media; gyroscope; picture-in-picture\" allowfullscreen><\/iframe><\/div><\/script><div class='av-click-to-play-overlay'><div class=\"avia_playpause_icon\"><\/div><\/div><\/div><br \/>\n<section class=\"av_textblock_section \"  itemscope=\"itemscope\" itemtype=\"https:\/\/schema.org\/CreativeWork\" ><div class='avia_textblock  '   itemprop=\"text\" ><p>Mit dem Modell der Big-Five untersucht Frau Dr. Zimmermann, was ein Auslandsaufenthalt einem selbst f\u00fcr die Pers\u00f6nlichkeitsentwicklung bringt. Aber was f\u00fcr positive Auswirkungen kann so ein Aufenthalt f\u00fcr unsere Verhaltensweisen haben, die uns wiederum beruflich weiterbringen? In der Folgestudie &#8222;The development of multicultural effectiveness in international student mobility&#8220; untersucht sie, wie sich die Pers\u00f6nlichkeit in Anbetracht der Punkte multicultural effectiveness, multicultural self-efficacy, metacognitive intercultural competence und intergroup anxiety entwickelt. Das alles erkl\u00e4rt sie uns hier, im dritten Teil des Interviews.<\/p>\n<\/div><\/section><\/p><\/div><div class=\"flex_column av_one_full  flex_column_div av-zero-column-padding first  avia-builder-el-20  el_after_av_one_full  avia-builder-el-last  column-top-margin\" style='border-radius:0px; '><p><div  style='padding-bottom:10px; ' class='av-special-heading av-special-heading-h3  blockquote modern-quote modern-centered  avia-builder-el-21  el_before_av_hr  avia-builder-el-first  '><h3 class='av-special-heading-tag '  itemprop=\"headline\"  >Auf welche zuk\u00fcnftigen Erkenntnisse d\u00fcrfen wir uns freuen?<\/h3><div class='special-heading-border'><div class='special-heading-inner-border' ><\/div><\/div><\/div><br \/>\n<div  style=' margin-top:30px; margin-bottom:30px;'  class='hr hr-custom hr-center hr-icon-no   avia-builder-el-22  el_after_av_heading  el_before_av_video '><span class='hr-inner  inner-border-av-border-none' style=' width:50px;' ><span class='hr-inner-style'><\/span><\/span><\/div><br \/>\n<div  class='avia-video avia-video-16-9   av-lazyload-immediate  av-lazyload-video-embed  '   itemprop=\"video\" itemtype=\"https:\/\/schema.org\/VideoObject\"  data-original_url='https:\/\/youtu.be\/UuQoJfGVnqE' ><script type='text\/html' class='av-video-tmpl'><div class='avia-iframe-wrap'><iframe title=\"Seayoutraveler \u2013 Psychologie (4): zuk\u00fcnftige pers\u00f6nlichkeitspsychologische Erkenntnisse\" width=\"1500\" height=\"844\" src=\"https:\/\/www.youtube.com\/embed\/UuQoJfGVnqE?feature=oembed&autoplay=0&loop=0&controls=1&mute=0\" frameborder=\"0\" allow=\"accelerometer; autoplay; clipboard-write; encrypted-media; gyroscope; picture-in-picture\" allowfullscreen><\/iframe><\/div><\/script><div class='av-click-to-play-overlay'><div class=\"avia_playpause_icon\"><\/div><\/div><\/div><br \/>\n<section class=\"av_textblock_section \"  itemscope=\"itemscope\" itemtype=\"https:\/\/schema.org\/CreativeWork\" ><div class='avia_textblock  '   itemprop=\"text\" ><p>Die psychologischen Untersuchungsaspekte im Bereich der Pers\u00f6nlichkeitsentwicklung im Ausland sind noch lange nicht ausgesch\u00f6pft. An was f\u00fcr Studien Frau Dr. Zimmermann momentan arbeitet oder zuk\u00fcnftig noch arbeiten m\u00f6chte und auf welche neuen Erkenntnisse wir uns freuen d\u00fcrfen, verr\u00e4t sie uns hier, im letzten Teil des Interviews.<\/p>\n<\/div><\/section><\/p><\/div><\/p>\n","protected":false},"excerpt":{"rendered":"","protected":false},"author":2,"featured_media":0,"parent":0,"menu_order":0,"comment_status":"closed","ping_status":"closed","template":"","meta":{"_links_to":"","_links_to_target":""},"_links":{"self":[{"href":"https:\/\/seayoutraveler.mewi-projekte.de\/index.php?rest_route=\/wp\/v2\/pages\/239"}],"collection":[{"href":"https:\/\/seayoutraveler.mewi-projekte.de\/index.php?rest_route=\/wp\/v2\/pages"}],"about":[{"href":"https:\/\/seayoutraveler.mewi-projekte.de\/index.php?rest_route=\/wp\/v2\/types\/page"}],"author":[{"embeddable":true,"href":"https:\/\/seayoutraveler.mewi-projekte.de\/index.php?rest_route=\/wp\/v2\/users\/2"}],"replies":[{"embeddable":true,"href":"https:\/\/seayoutraveler.mewi-projekte.de\/index.php?rest_route=%2Fwp%2Fv2%2Fcomments&post=239"}],"version-history":[{"count":20,"href":"https:\/\/seayoutraveler.mewi-projekte.de\/index.php?rest_route=\/wp\/v2\/pages\/239\/revisions"}],"predecessor-version":[{"id":565,"href":"https:\/\/seayoutraveler.mewi-projekte.de\/index.php?rest_route=\/wp\/v2\/pages\/239\/revisions\/565"}],"wp:attachment":[{"href":"https:\/\/seayoutraveler.mewi-projekte.de\/index.php?rest_route=%2Fwp%2Fv2%2Fmedia&parent=239"}],"curies":[{"name":"wp","href":"https:\/\/api.w.org\/{rel}","templated":true}]}}