{"id":245,"date":"2020-07-13T20:05:58","date_gmt":"2020-07-13T18:05:58","guid":{"rendered":"https:\/\/seayoutraveler.mewi-projekte.de\/?page_id=245"},"modified":"2021-02-15T21:37:34","modified_gmt":"2021-02-15T20:37:34","slug":"many-nations-one-ocean","status":"publish","type":"page","link":"https:\/\/seayoutraveler.mewi-projekte.de\/?page_id=245","title":{"rendered":"Many nations &#8211; one ocean"},"content":{"rendered":"<div class=\"flex_column av_one_full  flex_column_div av-zero-column-padding first  avia-builder-el-0  el_before_av_one_full  avia-builder-el-first  \" style='border-radius:0px; '><p><div  style='padding-bottom:10px; ' class='av-special-heading av-special-heading-h1  blockquote modern-quote modern-centered  avia-builder-el-1  el_before_av_hr  avia-builder-el-first  '><h1 class='av-special-heading-tag '  itemprop=\"headline\"  >Many nations &#8211; one ocean<\/h1><div class='special-heading-border'><div class='special-heading-inner-border' ><\/div><\/div><\/div><br \/>\n<div   class='hr hr-default   avia-builder-el-2  el_after_av_heading  el_before_av_textblock '><span class='hr-inner ' ><span class='hr-inner-style'><\/span><\/span><\/div><br \/>\n<section class=\"av_textblock_section \"  itemscope=\"itemscope\" itemtype=\"https:\/\/schema.org\/CreativeWork\" ><div class='avia_textblock  '   itemprop=\"text\" ><p>&#8222;One of the things we teach the rangers is that we are many nations, but one ocean. Even though our oceans are broken up into different names, Pacific Ocean, Indian Ocean, Atlantic Ocean, there is no boundary between them. That is one body of water. So it doesn&#8217;t matter what you do in England or China or anywhere, it&#8217;s gonna affect another country.&#8220; (Michael Hale &#8211; Sea Ranger)<\/p>\n<p>Egal wo wir uns befinden, in welchem Land, auf welchem Kontinet, irgendwo h\u00f6rt das Land auf und das Meer beginnt. Das Wasser verbindet uns alle miteinander. Dort f\u00fchlen wir uns geborgen, reisen zum Entspannen, Surfen und Tauchen ans Meer oder leben an, auf und von ihm. Mein Verh\u00e4ltnis zur Natur und zum Meer hat sich w\u00e4hrend des Auslandssemesters ver\u00e4ndert. Ganz typisch, wenn man einen anderen Umgang mit der Natur als den eigenen erlebt. In diesem Podcast erfahrt ihr von Alena Konrad, Taucherin und Studentin des Faches &#8222;Geografie des globalen Wandels&#8220;, und mir, wie es dem Meer momentan geht, was f\u00fcr negative und positive Effekte das Reisen auf unseren Umgang mit der Natur haben kann und wie man nachhaltiger reisen kann. Ich stelle euch den Audio-Podcast hier einmal thematisch unterteilt in k\u00fcrzeren H\u00e4ppchen und einmal in voller L\u00e4nge zur Verf\u00fcgung. Aloha und viel Spa\u00df beim Anh\u00f6ren.<\/p>\n<\/div><\/section><\/p><\/div><div class=\"flex_column av_one_full  flex_column_div av-zero-column-padding first  avia-builder-el-4  el_after_av_one_full  el_before_av_one_full  column-top-margin\" style='border-radius:0px; '><p><div  style='padding-bottom:10px; ' class='av-special-heading av-special-heading-h3    avia-builder-el-5  el_before_av_video  avia-builder-el-first  '><h3 class='av-special-heading-tag '  itemprop=\"headline\"  >Faszination Meer \u2013 Faszination Tauchen<\/h3><div class='special-heading-border'><div class='special-heading-inner-border' ><\/div><\/div><\/div><br \/>\n<div  class='avia-video avia-video-16-9   av-lazyload-immediate  av-lazyload-video-embed  '   itemprop=\"video\" itemtype=\"https:\/\/schema.org\/VideoObject\"  data-original_url='https:\/\/www.youtube.com\/watch?v=-HN7gmN3Kb4' ><script type='text\/html' class='av-video-tmpl'><div class='avia-iframe-wrap'><iframe title=\"Seayoutraveler \u2013 Many nations \u2013 one ocean (1): Faszination Meer, Faszination Tauchen\" width=\"1500\" height=\"844\" src=\"https:\/\/www.youtube.com\/embed\/-HN7gmN3Kb4?feature=oembed&autoplay=0&loop=0&controls=1&mute=0\" frameborder=\"0\" allow=\"accelerometer; autoplay; clipboard-write; encrypted-media; gyroscope; picture-in-picture\" allowfullscreen><\/iframe><\/div><\/script><div class='av-click-to-play-overlay'><div class=\"avia_playpause_icon\"><\/div><\/div><\/div><br \/>\n<section class=\"av_textblock_section \"  itemscope=\"itemscope\" itemtype=\"https:\/\/schema.org\/CreativeWork\" ><div class='avia_textblock  '   itemprop=\"text\" ><p>Alena hat mit ihren 25 Jahren schon knappe 100 Tauchg\u00e4nge absolviert. Ich habe sie w\u00e4hrend meiner Reise in Australien kennen gelernt und da wir uns oft \u00fcber unsere Liebe zum Meer und unser Leiden wegen der Zerst\u00f6rung des Meeres ausgetauscht haben, m\u00f6chten wir euch hier daran teilhaben lassen. In der ersten Folge geht es um Alenas Faszination vom Meer. Was gibt ihr das Meer? Warum macht es sie gl\u00fccklich?<\/p>\n<\/div><\/section><\/p><\/div><\/p>\n<div class=\"flex_column av_one_full  flex_column_div av-zero-column-padding first  avia-builder-el-8  el_after_av_one_full  el_before_av_one_full  column-top-margin\" style='border-radius:0px; '><p><div  style='padding-bottom:10px; ' class='av-special-heading av-special-heading-h3    avia-builder-el-9  el_before_av_video  avia-builder-el-first  '><h3 class='av-special-heading-tag '  itemprop=\"headline\"  >Plastik im Meer<\/h3><div class='special-heading-border'><div class='special-heading-inner-border' ><\/div><\/div><\/div><br \/>\n<div  class='avia-video avia-video-16-9   av-lazyload-immediate  av-lazyload-video-embed  '   itemprop=\"video\" itemtype=\"https:\/\/schema.org\/VideoObject\"  data-original_url='https:\/\/youtu.be\/bKo1-GhZQ5g' ><script type='text\/html' class='av-video-tmpl'><div class='avia-iframe-wrap'><iframe title=\"Seayoutraveler \u2013 Many nations \u2013 one ocean (2): Plastik im Meer\" width=\"1500\" height=\"844\" src=\"https:\/\/www.youtube.com\/embed\/bKo1-GhZQ5g?feature=oembed&autoplay=0&loop=0&controls=1&mute=0\" frameborder=\"0\" allow=\"accelerometer; autoplay; clipboard-write; encrypted-media; gyroscope; picture-in-picture\" allowfullscreen><\/iframe><\/div><\/script><div class='av-click-to-play-overlay'><div class=\"avia_playpause_icon\"><\/div><\/div><\/div><br \/>\n<section class=\"av_textblock_section \"  itemscope=\"itemscope\" itemtype=\"https:\/\/schema.org\/CreativeWork\" ><div class='avia_textblock  '   itemprop=\"text\" ><p>Plastik ist aus unserem Alltag nicht mehr weg zu denken. Als g\u00fcnstige Materialalternative ist es allgegenw\u00e4rtig. Hat das Material als Verpackung oder \u00c4hnliches ausgedient, schaffen wir Menschen es leider nicht immer, das Plastik zu recyceln, sondern es landet oft im Meer. Wir sprechen dar\u00fcber, wie wir mit diesem Thema wortw\u00f6rtlich in Ber\u00fchrung gekommen sind, was uns daran betroffen macht und was es f\u00fcr eventuelle Alternativen und Hoffnungen gibt.<\/p>\n<p>Wer noch mehr Fakten zum Thema M\u00fcll und Plastik im Meer finden will&#8230;<\/p>\n<p><a href=\"https:\/\/www.nabu.de\/natur-und-landschaft\/meere\/muellkippe-meer\/16805.html\">Der Nabu mit 10 Fakten \u00fcber M\u00fcll im Meer<\/a><\/p>\n<p><a href=\"https:\/\/www.wwf.de\/themen-projekte\/meere-kuesten\/plastik\/unsere-ozeane-versinken-im-plastikmuell\" target=\"_blank\" rel=\"noopener\">Der WWF \u00fcber Plastik im Meer<\/a><\/p>\n<\/div><\/section><\/p><\/div><div class=\"flex_column av_one_full  flex_column_div av-zero-column-padding first  avia-builder-el-12  el_after_av_one_full  el_before_av_one_full  column-top-margin\" style='border-radius:0px; '><p><div  style='padding-bottom:10px; ' class='av-special-heading av-special-heading-h3    avia-builder-el-13  el_before_av_video  avia-builder-el-first  '><h3 class='av-special-heading-tag '  itemprop=\"headline\"  >Das gro\u00dfe Korallensterben<\/h3><div class='special-heading-border'><div class='special-heading-inner-border' ><\/div><\/div><\/div><br \/>\n<div  class='avia-video avia-video-16-9   av-lazyload-immediate  av-lazyload-video-embed  '   itemprop=\"video\" itemtype=\"https:\/\/schema.org\/VideoObject\"  data-original_url='https:\/\/youtu.be\/1JVxI77rfwY' ><script type='text\/html' class='av-video-tmpl'><div class='avia-iframe-wrap'><iframe title=\"Seayoutraveler \u2013 Many nations \u2013 one ocean (3): Das gro\u00dfe Korallensterben\" width=\"1500\" height=\"844\" src=\"https:\/\/www.youtube.com\/embed\/1JVxI77rfwY?feature=oembed&autoplay=0&loop=0&controls=1&mute=0\" frameborder=\"0\" allow=\"accelerometer; autoplay; clipboard-write; encrypted-media; gyroscope; picture-in-picture\" allowfullscreen><\/iframe><\/div><\/script><div class='av-click-to-play-overlay'><div class=\"avia_playpause_icon\"><\/div><\/div><\/div><br \/>\n<section class=\"av_textblock_section \"  itemscope=\"itemscope\" itemtype=\"https:\/\/schema.org\/CreativeWork\" ><div class='avia_textblock  '   itemprop=\"text\" ><p>Das Great Barrier Reef ist nicht nur eines der gr\u00f6\u00dften australischen Wahrzeichen, sondern durch den Klimawandel auch extrem gef\u00e4hrdet. Unvorstellbar, dass in 30 Jahren das gr\u00f6\u00dfte zusammenh\u00e4ngende Riff der Welt zerst\u00f6rt sein k\u00f6nnte. Hier erfahrt ihr, was f\u00fcr jetzige Auswirkungen wir schon gesehen haben, was f\u00fcr eine Bedeutung Korallen \u00fcberhaupt f\u00fcr den Menschen haben und wie man daran arbeiten kann, doch noch Korallenriffe zu retten.<\/p>\n<p>Weiterf\u00fchrende Infos zum Thema Korallensterben findet ihr hier:<\/p>\n<p><a href=\"https:\/\/www.deutschlandfunk.de\/korallensterben-am-great-barrier-reef-genom-analysen-zeigen.676.de.html?dram:article_id=480771\" target=\"_blank\" rel=\"noopener\">Korallensterben am Great Barrier Reef<\/a><\/p>\n<p><a href=\"https:\/\/www.wwf.ch\/sites\/default\/files\/doc-2018-09\/2018_Faktenblatt%20Korallen_d.pdf\" target=\"_blank\" rel=\"noopener\">Fakten zu Korallen<\/a><\/p>\n<\/div><\/section><\/p><\/div><div class=\"flex_column av_one_full  flex_column_div av-zero-column-padding first  avia-builder-el-16  el_after_av_one_full  el_before_av_one_full  column-top-margin\" style='border-radius:0px; '><p><div  style='padding-bottom:10px; ' class='av-special-heading av-special-heading-h3    avia-builder-el-17  el_before_av_video  avia-builder-el-first  '><h3 class='av-special-heading-tag '  itemprop=\"headline\"  >Wenn Menschen zerst\u00f6ren, was sie brauchen <\/h3><div class='special-heading-border'><div class='special-heading-inner-border' ><\/div><\/div><\/div><br \/>\n<div  class='avia-video avia-video-16-9   av-lazyload-immediate  av-lazyload-video-embed  '   itemprop=\"video\" itemtype=\"https:\/\/schema.org\/VideoObject\"  data-original_url='https:\/\/youtu.be\/WYM6TbE9qX4' ><script type='text\/html' class='av-video-tmpl'><div class='avia-iframe-wrap'><iframe title=\"Seayoutraveler \u2013 Many nations \u2013 one ocean (4): Wenn Menschen zerst\u00f6ren, was sie brauchen\" width=\"1500\" height=\"844\" src=\"https:\/\/www.youtube.com\/embed\/WYM6TbE9qX4?feature=oembed&autoplay=0&loop=0&controls=1&mute=0\" frameborder=\"0\" allow=\"accelerometer; autoplay; clipboard-write; encrypted-media; gyroscope; picture-in-picture\" allowfullscreen><\/iframe><\/div><\/script><div class='av-click-to-play-overlay'><div class=\"avia_playpause_icon\"><\/div><\/div><\/div><br \/>\n<section class=\"av_textblock_section \"  itemscope=\"itemscope\" itemtype=\"https:\/\/schema.org\/CreativeWork\" ><div class='avia_textblock  '   itemprop=\"text\" ><p>So gro\u00df die Liebe zum Meer ist, so gro\u00df kann auch die Ignoranz sein. Obwohl wir beim Blick auf die Linie zwischen Meer und Horizont das Gef\u00fchl haben, das Meer sei unendlich, ist es das leider nicht. Oftmals gehen wir noch damit um als sei es unersch\u00f6pflich, jedoch ist schon bald eher das Gegenteil der Fall. Hier erfahrt ihr, in welchen konkreten Situationen wir ignorant mit dem Meer umgehen und warum es sich f\u00fcr alle Beteiligten lohnen w\u00fcrde, sorgsam mit ihm umzugehen.<\/p>\n<\/div><\/section><\/p><\/div><div class=\"flex_column av_one_full  flex_column_div av-zero-column-padding first  avia-builder-el-20  el_after_av_one_full  el_before_av_one_full  column-top-margin\" style='border-radius:0px; '><p><div  style='padding-bottom:10px; ' class='av-special-heading av-special-heading-h3    avia-builder-el-21  el_before_av_video  avia-builder-el-first  '><h3 class='av-special-heading-tag '  itemprop=\"headline\"  >Alles ist vernetzt&#8230; Netze im Meer<\/h3><div class='special-heading-border'><div class='special-heading-inner-border' ><\/div><\/div><\/div><br \/>\n<div  class='avia-video avia-video-16-9   av-lazyload-immediate  av-lazyload-video-embed  '   itemprop=\"video\" itemtype=\"https:\/\/schema.org\/VideoObject\"  data-original_url='https:\/\/youtu.be\/7jRkS8I9Ddw' ><script type='text\/html' class='av-video-tmpl'><div class='avia-iframe-wrap'><iframe title=\"Seayoutraveler \u2013 Many nations \u2013 one ocean (5): Alles vernetzt \u2013  Netze im Meer\" width=\"1500\" height=\"844\" src=\"https:\/\/www.youtube.com\/embed\/7jRkS8I9Ddw?feature=oembed&autoplay=0&loop=0&controls=1&mute=0\" frameborder=\"0\" allow=\"accelerometer; autoplay; clipboard-write; encrypted-media; gyroscope; picture-in-picture\" allowfullscreen><\/iframe><\/div><\/script><div class='av-click-to-play-overlay'><div class=\"avia_playpause_icon\"><\/div><\/div><\/div><br \/>\n<section class=\"av_textblock_section \"  itemscope=\"itemscope\" itemtype=\"https:\/\/schema.org\/CreativeWork\" ><div class='avia_textblock  '   itemprop=\"text\" ><p>Wir Menschen leben durch das und von dem Meer. Dass wir dabei verschiedenste Netze im Meer spannen, ist nicht neu: Gro\u00dfe Massenfischfangnetze, Hainetze und oftmals bleiben Netze als sogenannte Ghost-Nets im Gew\u00e4sser \u00fcbrig. Wir sprechen dar\u00fcber, was diese Netze f\u00fcr eine Auswirkung auf das Meer, die Tiere und den Menschen haben.<\/p>\n<p>Wer noch mehr Fakten will, wird hier f\u00fcndig&#8230;<\/p>\n<p><a href=\"https:\/\/www.planet-wissen.de\/natur\/meer\/ueberfischung_der_meere\/index.html\" target=\"_blank\" rel=\"noopener\">\u00dcberfischung<\/a><\/p>\n<p><a href=\"https:\/\/www.australiangeographic.com.au\/blogs\/shark-blog\/2019\/06\/shark-nets-protecting-us-or-just-harming-sharks\/\" target=\"_blank\" rel=\"noopener\">Hainetze<\/a><\/p>\n<p><a href=\"https:\/\/www.greenpeace.de\/sites\/www.greenpeace.de\/files\/publications\/20190611-greenpeace-report-ghost-fishing-ghost-gear-deutsch.pdf\" target=\"_blank\" rel=\"noopener\">Ghost-nets<\/a><\/p>\n<\/div><\/section><\/p><\/div><div class=\"flex_column av_one_full  flex_column_div av-zero-column-padding first  avia-builder-el-24  el_after_av_one_full  el_before_av_one_full  column-top-margin\" style='border-radius:0px; '><p><div  style='padding-bottom:10px; ' class='av-special-heading av-special-heading-h3    avia-builder-el-25  el_before_av_video  avia-builder-el-first  '><h3 class='av-special-heading-tag '  itemprop=\"headline\"  >Was k\u00f6nnen wir konkret tun? Wie Reisen Ursache und L\u00f6sungsansatz der Probleme sein kann<\/h3><div class='special-heading-border'><div class='special-heading-inner-border' ><\/div><\/div><\/div><br \/>\n<div  class='avia-video avia-video-16-9   av-lazyload-immediate  av-lazyload-video-embed  '   itemprop=\"video\" itemtype=\"https:\/\/schema.org\/VideoObject\"  data-original_url='https:\/\/youtu.be\/sgdVqIoUweM' ><script type='text\/html' class='av-video-tmpl'><div class='avia-iframe-wrap'><iframe title=\"Seayoutraveler \u2013 Many nations \u2013 one ocean (6): Reisen als Ursache und L\u00f6sungsansatz\" width=\"1500\" height=\"844\" src=\"https:\/\/www.youtube.com\/embed\/sgdVqIoUweM?feature=oembed&autoplay=0&loop=0&controls=1&mute=0\" frameborder=\"0\" allow=\"accelerometer; autoplay; clipboard-write; encrypted-media; gyroscope; picture-in-picture\" allowfullscreen><\/iframe><\/div><\/script><div class='av-click-to-play-overlay'><div class=\"avia_playpause_icon\"><\/div><\/div><\/div><br \/>\n<section class=\"av_textblock_section \"  itemscope=\"itemscope\" itemtype=\"https:\/\/schema.org\/CreativeWork\" ><div class='avia_textblock  '   itemprop=\"text\" ><p>Nat\u00fcrlich tragen vielfliegende Reisende zu einigen Problemen, die das Meer gef\u00e4hrden, bei. Gerade Taucher und Surfer stehen deshalb oft in Verruf, aber genauso Weltenbummler. Wir sprechen dar\u00fcber, wie man bewusst und r\u00fccksichtsvoll reisen kann und warum Reisen auch einen gro\u00dfen Nutzen f\u00fcr die Natur haben kann.<\/p>\n<p>Mehr Infos findet ihr hier&#8230;<\/p>\n<p><a href=\"https:\/\/www.spiegel.de\/gutscheine\/magazin\/nachhaltig-reisen\" target=\"_blank\" rel=\"noopener\">Nachhaltig Reisen<\/a><\/p>\n<p><a href=\"https:\/\/reisevergnuegen.com\/overtourism-massentourismus\/\" target=\"_blank\" rel=\"noopener\">Probleme und L\u00f6sungen eines Massentourismus<\/a><\/p>\n<\/div><\/section><\/p><\/div><div class=\"flex_column av_one_full  flex_column_div av-zero-column-padding first  avia-builder-el-28  el_after_av_one_full  el_before_av_one_full  column-top-margin\" style='border-radius:0px; '><p><div  style='padding-bottom:10px; ' class='av-special-heading av-special-heading-h3    avia-builder-el-29  el_before_av_video  avia-builder-el-first  '><h3 class='av-special-heading-tag '  itemprop=\"headline\"  >Wenn Alena mit den Politikern sprechen k\u00f6nnte<\/h3><div class='special-heading-border'><div class='special-heading-inner-border' ><\/div><\/div><\/div><br \/>\n<div  class='avia-video avia-video-16-9   av-lazyload-immediate  av-lazyload-video-embed  '   itemprop=\"video\" itemtype=\"https:\/\/schema.org\/VideoObject\"  data-original_url='https:\/\/youtu.be\/DRUmveRAOlo' ><script type='text\/html' class='av-video-tmpl'><div class='avia-iframe-wrap'><iframe title=\"Seayoutraveler \u2013 Many nations \u2013 one ocean (7): Bitte an Politiker\" width=\"1500\" height=\"844\" src=\"https:\/\/www.youtube.com\/embed\/DRUmveRAOlo?feature=oembed&autoplay=0&loop=0&controls=1&mute=0\" frameborder=\"0\" allow=\"accelerometer; autoplay; clipboard-write; encrypted-media; gyroscope; picture-in-picture\" allowfullscreen><\/iframe><\/div><\/script><div class='av-click-to-play-overlay'><div class=\"avia_playpause_icon\"><\/div><\/div><\/div><br \/>\n<section class=\"av_textblock_section \"  itemscope=\"itemscope\" itemtype=\"https:\/\/schema.org\/CreativeWork\" ><div class='avia_textblock  '   itemprop=\"text\" ><p>Ich habe Alena zum Abschluss gefragt, was sie Politikern gerne mitgeben w\u00fcrde. Ihre Antwort w\u00fcrde ich liebend gerne an unsere amtierenden Entscheidungstr\u00e4ger weiterleiten. H\u00e4tte jemand eine passende Handynummer? \ud83d\ude09<\/p>\n<\/div><\/section><\/p><\/div><div class=\"flex_column av_one_full  flex_column_div av-zero-column-padding first  avia-builder-el-32  el_after_av_one_full  avia-builder-el-last  column-top-margin\" style='border-radius:0px; '><p><div  style='padding-bottom:10px; ' class='av-special-heading av-special-heading-h3    avia-builder-el-33  el_before_av_player  avia-builder-el-first  '><h3 class='av-special-heading-tag '  itemprop=\"headline\"  >Ganzer Podcast<\/h3><div class='special-heading-border'><div class='special-heading-inner-border' ><\/div><\/div><\/div><br \/>\n<div id=\"av_player-0\" class=\"av-player av-player-container   avia-builder-el-34  el_after_av_heading  el_before_av_textblock  first avia-playerstyle-classic avia-playlist-hide-cover\" ><div class=\"av-player-player-container\"><!--[if lt IE 9]><script>document.createElement('audio');<\/script><![endif]-->\n\t<div class=\"wp-playlist wp-audio-playlist wp-playlist-light\">\n\t\t\t<div class=\"wp-playlist-current-item\"><\/div>\n\t\t<audio controls=\"controls\" preload=\"none\" width=\"1478\"\n\t\t\t><\/audio>\n\t<div class=\"wp-playlist-next\"><\/div>\n\t<div class=\"wp-playlist-prev\"><\/div>\n\t<noscript>\n\t<ol>\n\t\t<li><a href='https:\/\/seayoutraveler.mewi-projekte.de\/wp-content\/uploads\/2021\/02\/210131_Podcast-Interview-Alena-volle-Laenge.mp3'>Podcast Many nations \u2013one ocean: Interview mit Alena Konrad<\/a><\/li>\t<\/ol>\n\t<\/noscript>\n\t<script type=\"application\/json\" class=\"wp-playlist-script\">{\"type\":\"audio\",\"tracklist\":true,\"tracknumbers\":true,\"images\":true,\"artists\":true,\"tracks\":[{\"src\":\"https:\\\/\\\/seayoutraveler.mewi-projekte.de\\\/wp-content\\\/uploads\\\/2021\\\/02\\\/210131_Podcast-Interview-Alena-volle-Laenge.mp3\",\"type\":\"audio\\\/mpeg\",\"title\":\"Podcast Many nations \\u2013one ocean: Interview mit Alena Konrad\",\"caption\":\"\",\"description\":\"\\\"210131_Podcast Interview Alena volle L\\u00e4nge\\\". Ver\\u00f6ffentlicht: 2021.\",\"meta\":{\"year\":\"2021\",\"length_formatted\":\"59:48\"},\"image\":{\"src\":\"https:\\\/\\\/seayoutraveler.mewi-projekte.de\\\/wp-includes\\\/images\\\/media\\\/audio.png\",\"width\":48,\"height\":64},\"thumb\":{\"src\":\"https:\\\/\\\/seayoutraveler.mewi-projekte.de\\\/wp-includes\\\/images\\\/media\\\/audio.png\",\"width\":48,\"height\":64}}]}<\/script>\n<\/div>\n\t<\/div><\/div><br \/>\n<section class=\"av_textblock_section \"  itemscope=\"itemscope\" itemtype=\"https:\/\/schema.org\/CreativeWork\" ><div class='avia_textblock  '   itemprop=\"text\" ><p>Hier findet ihr den &#8222;Many nations \u2013 one ocean&#8220; Podcast mit Alena Konrad und mir in voller L\u00e4nge. Aloha und viel Spa\u00df beim Anh\u00f6ren.<\/p>\n<\/div><\/section><\/p><\/div><\/p>\n","protected":false},"excerpt":{"rendered":"","protected":false},"author":2,"featured_media":0,"parent":0,"menu_order":0,"comment_status":"closed","ping_status":"closed","template":"","meta":{"_links_to":"","_links_to_target":""},"_links":{"self":[{"href":"https:\/\/seayoutraveler.mewi-projekte.de\/index.php?rest_route=\/wp\/v2\/pages\/245"}],"collection":[{"href":"https:\/\/seayoutraveler.mewi-projekte.de\/index.php?rest_route=\/wp\/v2\/pages"}],"about":[{"href":"https:\/\/seayoutraveler.mewi-projekte.de\/index.php?rest_route=\/wp\/v2\/types\/page"}],"author":[{"embeddable":true,"href":"https:\/\/seayoutraveler.mewi-projekte.de\/index.php?rest_route=\/wp\/v2\/users\/2"}],"replies":[{"embeddable":true,"href":"https:\/\/seayoutraveler.mewi-projekte.de\/index.php?rest_route=%2Fwp%2Fv2%2Fcomments&post=245"}],"version-history":[{"count":39,"href":"https:\/\/seayoutraveler.mewi-projekte.de\/index.php?rest_route=\/wp\/v2\/pages\/245\/revisions"}],"predecessor-version":[{"id":574,"href":"https:\/\/seayoutraveler.mewi-projekte.de\/index.php?rest_route=\/wp\/v2\/pages\/245\/revisions\/574"}],"wp:attachment":[{"href":"https:\/\/seayoutraveler.mewi-projekte.de\/index.php?rest_route=%2Fwp%2Fv2%2Fmedia&parent=245"}],"curies":[{"name":"wp","href":"https:\/\/api.w.org\/{rel}","templated":true}]}}